{"id":23,"date":"2023-02-24T08:01:24","date_gmt":"2023-02-24T08:01:24","guid":{"rendered":"http:\/\/blickwinkel-magazin.de\/?page_id=23"},"modified":"2024-04-09T09:23:29","modified_gmt":"2024-04-09T09:23:29","slug":"impressum","status":"publish","type":"page","link":"https:\/\/blickwinkel-magazin.de\/?page_id=23","title":{"rendered":"Impressum"},"content":{"rendered":"<div style=\"height:3rem\" aria-hidden=\"true\" class=\"wp-block-spacer\"><\/div><figure class=\"wp-block-image size-full is-resized\"><img loading=\"lazy\" decoding=\"async\" src=\"https:\/\/blickwinkel-magazin.de\/wp-content\/uploads\/2024\/04\/Blickwinkel-Logo-500px.png\" alt=\"\" class=\"wp-image-249\" width=\"250\" height=\"88\" srcset=\"https:\/\/blickwinkel-magazin.de\/wp-content\/uploads\/2024\/04\/Blickwinkel-Logo-500px.png 500w, https:\/\/blickwinkel-magazin.de\/wp-content\/uploads\/2024\/04\/Blickwinkel-Logo-500px-300x106.png 300w\" sizes=\"auto, (max-width: 250px) 100vw, 250px\" \/><\/figure><div style=\"height:1rem\" aria-hidden=\"true\" class=\"wp-block-spacer\"><\/div><p class=\"has-text-align-left\">Blickwinkel Magazin f\u00fcr Fotografie<br>Dominik Empl<br>Titusstr. 2<br>50678 K\u00f6ln<br><br>0175 160 47 32<br><br>hallo -a- blickwinkel-magazin.de<br>www.blickwinkel-magazin.de<br><br><br>Umsatzsteuer-Identifikationsnummer gem\u00e4\u00df \u00a7 27 a Umsatzsteuergesetz: DE84081367293<br><br>Inhaltlich Verantwortlicher gem\u00e4\u00df \u00a7 10 Absatz 3 MDStV: Dominik Empl (Anschrift wie oben)<br><\/p><p>URHEBERRECHTSVERMERK<\/p><p>Alle Inhalte auf dieser Website sind urheberrechtlich gesch\u00fctzt. Sofern nicht anders vermerkt, ist f\u00fcr die Verwendung, Weitergabe oder Auswertung der Fotos, Dokumente, Grafiken und anderer Inhalte dieser Website die schriftlichen Genehmigung durch den Autor und Betreiber dieser Website erforderlich.<br><\/p><p>HAFTUNGSAUSSCHLUSS<\/p><p>Der Autor und Betreiber dieser Website \u00fcbernimmt keinerlei Gew\u00e4hr f\u00fcr die Aktualit\u00e4t, Korrektheit, Vollst\u00e4ndigkeit oder Qualit\u00e4t der bereitgestellten Informationen. Jegliche Haftungsanspr\u00fcche sind grunds\u00e4tzlich ausgeschlossen, sofern seitens des Autors und Betreibers dieser Website kein nachweislich vors\u00e4tzliches oder grob fahrl\u00e4ssiges Verschulden vorliegt. Der Autor und Betreiber ist f\u00fcr die eigenen Inhalte auf dieser Website rechtlich verantwortlich. Von diesen eigenen Inhalten sind Querverweise (\u201cexterne Links\u201d) auf die Inhalte anderer Anbieter zu unterscheiden. F\u00fcr diese verlinkten fremden Inhalte schlie\u00dft der Autor und Betreiber dieser Website ausdr\u00fccklich jegliche Haftungsanspr\u00fcche aus. Dieser Haftungsausschluss ist als Teil des Internetangebotes zu betrachten, von dem aus auf diese Seite verwiesen wurde.<\/p>","protected":false},"excerpt":{"rendered":"<p>Blickwinkel Magazin f\u00fcr FotografieDominik EmplTitusstr. 250678 K\u00f6ln 0175 160 47 32 hallo -a- blickwinkel-magazin.dewww.blickwinkel-magazin.de Umsatzsteuer-Identifikationsnummer gem\u00e4\u00df \u00a7 27 a Umsatzsteuergesetz: DE84081367293 Inhaltlich Verantwortlicher gem\u00e4\u00df \u00a7 10 Absatz 3 MDStV: Dominik Empl (Anschrift wie oben) URHEBERRECHTSVERMERK Alle Inhalte auf dieser Website sind urheberrechtlich gesch\u00fctzt. Sofern nicht anders vermerkt, ist f\u00fcr die Verwendung, Weitergabe oder Auswertung der<a class=\"more-link\" href=\"https:\/\/blickwinkel-magazin.de\/?page_id=23\">Continue reading <span class=\"screen-reader-text\">&#8220;Impressum&#8221;<\/span><\/a><\/p>\n","protected":false},"author":1,"featured_media":0,"parent":0,"menu_order":0,"comment_status":"closed","ping_status":"closed","template":"","meta":{"footnotes":""},"class_list":["post-23","page","type-page","status-publish","hentry","entry"],"_links":{"self":[{"href":"https:\/\/blickwinkel-magazin.de\/index.php?rest_route=\/wp\/v2\/pages\/23","targetHints":{"allow":["GET"]}}],"collection":[{"href":"https:\/\/blickwinkel-magazin.de\/index.php?rest_route=\/wp\/v2\/pages"}],"about":[{"href":"https:\/\/blickwinkel-magazin.de\/index.php?rest_route=\/wp\/v2\/types\/page"}],"author":[{"embeddable":true,"href":"https:\/\/blickwinkel-magazin.de\/index.php?rest_route=\/wp\/v2\/users\/1"}],"replies":[{"embeddable":true,"href":"https:\/\/blickwinkel-magazin.de\/index.php?rest_route=%2Fwp%2Fv2%2Fcomments&post=23"}],"version-history":[{"count":9,"href":"https:\/\/blickwinkel-magazin.de\/index.php?rest_route=\/wp\/v2\/pages\/23\/revisions"}],"predecessor-version":[{"id":250,"href":"https:\/\/blickwinkel-magazin.de\/index.php?rest_route=\/wp\/v2\/pages\/23\/revisions\/250"}],"wp:attachment":[{"href":"https:\/\/blickwinkel-magazin.de\/index.php?rest_route=%2Fwp%2Fv2%2Fmedia&parent=23"}],"curies":[{"name":"wp","href":"https:\/\/api.w.org\/{rel}","templated":true}]}}